{"id":463,"date":"2024-07-09T09:47:22","date_gmt":"2024-07-09T07:47:22","guid":{"rendered":"https:\/\/www.nandoagueros.com\/?page_id=463"},"modified":"2025-09-15T13:50:17","modified_gmt":"2025-09-15T11:50:17","slug":"shows-tickets","status":"publish","type":"page","link":"https:\/\/www.nandoagueros.com\/en\/agenda-entradas\/","title":{"rendered":"Shows \/ Tickets"},"content":{"rendered":"<div data-elementor-type=\"wp-page\" data-elementor-id=\"463\" class=\"elementor elementor-463\" data-elementor-post-type=\"page\">\n\t\t\t\t\t\t<section class=\"elementor-section elementor-top-section elementor-element elementor-element-147a4d35 elementor-section-height-min-height elementor-section-items-stretch elementor-section-boxed elementor-section-height-default\" data-id=\"147a4d35\" data-element_type=\"section\" data-e-type=\"section\" data-settings=\"{&quot;background_background&quot;:&quot;classic&quot;}\">\n\t\t\t\t\t\t\t<div class=\"elementor-background-overlay\"><\/div>\n\t\t\t\t\t\t\t<div class=\"elementor-container elementor-column-gap-wider\">\n\t\t\t\t\t<div class=\"elementor-column elementor-col-100 elementor-top-column elementor-element elementor-element-3f8ed83b\" data-id=\"3f8ed83b\" data-element_type=\"column\" data-e-type=\"column\">\n\t\t\t<div class=\"elementor-widget-wrap elementor-element-populated\">\n\t\t\t\t\t\t<section class=\"elementor-section elementor-inner-section elementor-element elementor-element-7ad8269b elementor-section-boxed elementor-section-height-default elementor-section-height-default\" data-id=\"7ad8269b\" data-element_type=\"section\" data-e-type=\"section\">\n\t\t\t\t\t\t<div class=\"elementor-container elementor-column-gap-no\">\n\t\t\t\t\t<div class=\"elementor-column elementor-col-100 elementor-inner-column elementor-element elementor-element-3a85d825\" data-id=\"3a85d825\" data-element_type=\"column\" data-e-type=\"column\">\n\t\t\t<div class=\"elementor-widget-wrap elementor-element-populated\">\n\t\t\t\t\t\t<div class=\"elementor-element elementor-element-495aef5d elementor-widget__width-initial elementor-invisible elementor-widget elementor-widget-heading\" data-id=\"495aef5d\" data-element_type=\"widget\" data-e-type=\"widget\" data-settings=\"{&quot;_animation&quot;:&quot;fadeInLeft&quot;,&quot;_animation_delay&quot;:600}\" data-widget_type=\"heading.default\">\n\t\t\t\t<div class=\"elementor-widget-container\">\n\t\t\t\t\t<h1 class=\"elementor-heading-title elementor-size-default\">Upcoming concerts<\/h1>\t\t\t\t<\/div>\n\t\t\t\t<\/div>\n\t\t\t\t\t<\/div>\n\t\t<\/div>\n\t\t\t\t\t<\/div>\n\t\t<\/section>\n\t\t\t\t\t<\/div>\n\t\t<\/div>\n\t\t\t\t\t<\/div>\n\t\t<\/section>\n\t\t\t\t<section class=\"elementor-section elementor-top-section elementor-element elementor-element-3394ec8 elementor-section-boxed elementor-section-height-default elementor-section-height-default\" data-id=\"3394ec8\" data-element_type=\"section\" data-e-type=\"section\" data-settings=\"{&quot;background_background&quot;:&quot;classic&quot;}\">\n\t\t\t\t\t\t<div class=\"elementor-container elementor-column-gap-default\">\n\t\t\t\t\t<div class=\"elementor-column elementor-col-100 elementor-top-column elementor-element elementor-element-0b2bed6\" data-id=\"0b2bed6\" data-element_type=\"column\" data-e-type=\"column\">\n\t\t\t<div class=\"elementor-widget-wrap elementor-element-populated\">\n\t\t\t\t\t\t<div class=\"elementor-element elementor-element-a4dbe84 elementor-widget elementor-widget-events-list\" data-id=\"a4dbe84\" data-element_type=\"widget\" data-e-type=\"widget\" data-widget_type=\"events-list.default\">\n\t\t\t\t<div class=\"elementor-widget-container\">\n\t\t\t\t\t\r\n\t\t<ul class=\"events_list vc_events_element\">\r\n\t\t\t\r\n\t\t\t\t<li class=\"single_event_list transition3 clearfix\" data-evmonth=\"May\">\r\n\t\t\t\t\t\t\r\n\t\t\t\t\t\t<div class=\"event_list_entry event_date transition3_color\" data-no-auto-translation=\"\">\r\n\t\t\t\t\t\t\t<div class=\"text_center event_list_date_container\">\r\n\t\t\t\t\t\t\t\t<div class=\"eventlist_day classic_ev_date\">\r\n\t\t\t\t\t\t\t\t\t09\t\t\t\t\t\t\t\t<\/div>\r\n\t\t\t\t\t\t\t\t<div class=\"eventlist_month classic_ev_date\">May<\/div>\r\n\t\t\t\t\t\t\t\t\t\t\t\t\t\t\t\t\t<div class=\"eventlist_year\">2026<\/div>\r\n\t\t\t\t\t\t\t\t\t\t\t\t\t\t\t<\/div>\r\n\t\t\t\t\t\t<\/div>\r\n\r\n\t\t\t\t\t\t<div class=\"event_list_entry event_title_img clearfix\" data-no-auto-translation=\"\">\r\n\t\t\t\t\t\t\t\t\t\t\t\t\t\t\t<div class=\"event_img\"> \r\n\t\t\t\t\t\t\t\t\t<img decoding=\"async\" src=\"https:\/\/www.nandoagueros.com\/wp-content\/uploads\/2026\/03\/PHOTO-2026-03-26-11-05-25-240x300.jpg\" alt=\"Villarcayo (Burgos)\">\r\n\t\t\t\t\t\t\t\t<\/div>\r\n\t\t\t\t\t\t\t\t\t\t\t\t\t\t<div class=\"evnt_list_title_loc\">\r\n\t\t\t\t\t\t\t\t<div class=\"event_list_title transition3_color\">Villarcayo (Burgos)<\/div>\r\n\t\t\t\t\t\t\t\t<div class=\"event_list_location transition3_color\">  <\/div>\r\n\t\t\t\t\t\t\t<\/div>\r\n\t\t\t\t\t\t<\/div>\r\n\r\n\t\t\t\t\t\t<div class=\"event_list_entry event_venue transition3_color\" data-no-auto-translation=\"\">\r\n\t\t\t\t\t\t\t<i class=\"fas fa-map-marker-alt\" aria-hidden=\"true\"><\/i>\r\n\t\t\t\t\t\t\tFeria Capesmer\t\t\t\t\t\t<\/div>\r\n\r\n\r\n\t\t\t\t\t\t<div class=\"event_list_entry event_time transition3_color\" data-no-auto-translation=\"\">\r\n\t\t\t\t\t\t\t\t\t\t\t\t\t\t\t\t\t\t\t\t\t<i class=\"far fa-clock\" aria-hidden=\"true\"><\/i>\r\n\t\t\t\t\t\t\t13:00\t\t\t\t\t\t<\/div>\r\n\r\n\t\t\t\t\t\t<div class=\"event_list_entry event_buy\" data-no-auto-translation=\"\">\r\n\t\t\t\t\t\t\t\t\t\t\t\t\t\t\t<div class=\"event_buy_btn lc_js_link\" data-href=\"https:\/\/www.nandoagueros.com\/en\/js_events\/villarcayo-burgos\/\" data-target=\"_self\">\r\n\t\t\t\t\t\t\t\t\tGratuito\t\t\t\t\t\t\t\t<\/div>\r\n\t\t\t\t\t\t\t\t\t\t\t\t\t<\/div>\r\n\t\t\t\t\t\t\t\t\t<\/li>\r\n\r\n\t\t\t\r\n\t\t\t\t<li class=\"single_event_list transition3 clearfix\" data-evmonth=\"May\">\r\n\t\t\t\t\t\t\r\n\t\t\t\t\t\t<div class=\"event_list_entry event_date transition3_color\" data-no-auto-translation=\"\">\r\n\t\t\t\t\t\t\t<div class=\"text_center event_list_date_container\">\r\n\t\t\t\t\t\t\t\t<div class=\"eventlist_day classic_ev_date\">\r\n\t\t\t\t\t\t\t\t\t09\t\t\t\t\t\t\t\t<\/div>\r\n\t\t\t\t\t\t\t\t<div class=\"eventlist_month classic_ev_date\">May<\/div>\r\n\t\t\t\t\t\t\t\t\t\t\t\t\t\t\t\t\t<div class=\"eventlist_year\">2026<\/div>\r\n\t\t\t\t\t\t\t\t\t\t\t\t\t\t\t<\/div>\r\n\t\t\t\t\t\t<\/div>\r\n\r\n\t\t\t\t\t\t<div class=\"event_list_entry event_title_img clearfix\" data-no-auto-translation=\"\">\r\n\t\t\t\t\t\t\t\t\t\t\t\t\t\t\t<div class=\"event_img\"> \r\n\t\t\t\t\t\t\t\t\t<img decoding=\"async\" src=\"https:\/\/www.nandoagueros.com\/wp-content\/uploads\/2026\/04\/WhatsApp-Image-2026-04-21-at-14.54.53-240x300.jpeg\" alt=\"Hoznayo (Family fest)\">\r\n\t\t\t\t\t\t\t\t<\/div>\r\n\t\t\t\t\t\t\t\t\t\t\t\t\t\t<div class=\"evnt_list_title_loc\">\r\n\t\t\t\t\t\t\t\t<div class=\"event_list_title transition3_color\">Hoznayo (Family fest)<\/div>\r\n\t\t\t\t\t\t\t\t<div class=\"event_list_location transition3_color\">  <\/div>\r\n\t\t\t\t\t\t\t<\/div>\r\n\t\t\t\t\t\t<\/div>\r\n\r\n\t\t\t\t\t\t<div class=\"event_list_entry event_venue transition3_color\" data-no-auto-translation=\"\">\r\n\t\t\t\t\t\t\t<i class=\"fas fa-map-marker-alt\" aria-hidden=\"true\"><\/i>\r\n\t\t\t\t\t\t\tLA ADELMA\t\t\t\t\t\t<\/div>\r\n\r\n\r\n\t\t\t\t\t\t<div class=\"event_list_entry event_time transition3_color\" data-no-auto-translation=\"\">\r\n\t\t\t\t\t\t\t\t\t\t\t\t\t\t\t\t\t\t\t\t\t<i class=\"far fa-clock\" aria-hidden=\"true\"><\/i>\r\n\t\t\t\t\t\t\t21:30\t\t\t\t\t\t<\/div>\r\n\r\n\t\t\t\t\t\t<div class=\"event_list_entry event_buy\" data-no-auto-translation=\"\">\r\n\t\t\t\t\t\t\t\t\t\t\t\t\t\t\t<div class=\"event_buy_btn lc_js_link\" data-href=\"https:\/\/grupoadelma.com\/proximos-eventos\/\" data-target=\"_self\">\r\n\t\t\t\t\t\t\t\t\tCOMPRAR ENTRADAS\t\t\t\t\t\t\t\t<\/div>\r\n\t\t\t\t\t\t\t\t\t\t\t\t\t<\/div>\r\n\t\t\t\t\t\t\t\t\t<\/li>\r\n\r\n\t\t\t\r\n\t\t\t\t<li class=\"single_event_list transition3 clearfix\" data-evmonth=\"May\">\r\n\t\t\t\t\t\t\r\n\t\t\t\t\t\t<div class=\"event_list_entry event_date transition3_color\" data-no-auto-translation=\"\">\r\n\t\t\t\t\t\t\t<div class=\"text_center event_list_date_container\">\r\n\t\t\t\t\t\t\t\t<div class=\"eventlist_day classic_ev_date\">\r\n\t\t\t\t\t\t\t\t\t14\t\t\t\t\t\t\t\t<\/div>\r\n\t\t\t\t\t\t\t\t<div class=\"eventlist_month classic_ev_date\">May<\/div>\r\n\t\t\t\t\t\t\t\t\t\t\t\t\t\t\t\t\t<div class=\"eventlist_year\">2026<\/div>\r\n\t\t\t\t\t\t\t\t\t\t\t\t\t\t\t<\/div>\r\n\t\t\t\t\t\t<\/div>\r\n\r\n\t\t\t\t\t\t<div class=\"event_list_entry event_title_img clearfix\" data-no-auto-translation=\"\">\r\n\t\t\t\t\t\t\t\t\t\t\t\t\t\t\t<div class=\"event_img\"> \r\n\t\t\t\t\t\t\t\t\t<img decoding=\"async\" src=\"https:\/\/www.nandoagueros.com\/wp-content\/uploads\/2025\/12\/f3d41d2e-87cf-4b51-9feb-98f5b1a1437e-240x300.jpg\" alt=\"Bilbao\">\r\n\t\t\t\t\t\t\t\t<\/div>\r\n\t\t\t\t\t\t\t\t\t\t\t\t\t\t<div class=\"evnt_list_title_loc\">\r\n\t\t\t\t\t\t\t\t<div class=\"event_list_title transition3_color\">Bilbao<\/div>\r\n\t\t\t\t\t\t\t\t<div class=\"event_list_location transition3_color\">  <\/div>\r\n\t\t\t\t\t\t\t<\/div>\r\n\t\t\t\t\t\t<\/div>\r\n\r\n\t\t\t\t\t\t<div class=\"event_list_entry event_venue transition3_color\" data-no-auto-translation=\"\">\r\n\t\t\t\t\t\t\t<i class=\"fas fa-map-marker-alt\" aria-hidden=\"true\"><\/i>\r\n\t\t\t\t\t\t\tTeatro Campos Eliseos\t\t\t\t\t\t<\/div>\r\n\r\n\r\n\t\t\t\t\t\t<div class=\"event_list_entry event_time transition3_color\" data-no-auto-translation=\"\">\r\n\t\t\t\t\t\t\t\t\t\t\t\t\t\t\t\t\t\t\t\t\t<i class=\"far fa-clock\" aria-hidden=\"true\"><\/i>\r\n\t\t\t\t\t\t\t20:00\t\t\t\t\t\t<\/div>\r\n\r\n\t\t\t\t\t\t<div class=\"event_list_entry event_buy\" data-no-auto-translation=\"\">\r\n\t\t\t\t\t\t\t\t\t\t\t\t\t\t\t<div class=\"event_buy_btn lc_js_link\" data-href=\"https:\/\/www.teatrocampos.com\/espectaculo\/nando-agueros\" data-target=\"_self\">\r\n\t\t\t\t\t\t\t\t\tCOMPRAR ENTRADAS\t\t\t\t\t\t\t\t<\/div>\r\n\t\t\t\t\t\t\t\t\t\t\t\t\t<\/div>\r\n\t\t\t\t\t\t\t\t\t<\/li>\r\n\r\n\t\t\t\r\n\t\t\t\t<li class=\"single_event_list transition3 clearfix\" data-evmonth=\"Jun\">\r\n\t\t\t\t\t\t\r\n\t\t\t\t\t\t<div class=\"event_list_entry event_date transition3_color\" data-no-auto-translation=\"\">\r\n\t\t\t\t\t\t\t<div class=\"text_center event_list_date_container\">\r\n\t\t\t\t\t\t\t\t<div class=\"eventlist_day classic_ev_date\">\r\n\t\t\t\t\t\t\t\t\t06\t\t\t\t\t\t\t\t<\/div>\r\n\t\t\t\t\t\t\t\t<div class=\"eventlist_month classic_ev_date\">Jun<\/div>\r\n\t\t\t\t\t\t\t\t\t\t\t\t\t\t\t\t\t<div class=\"eventlist_year\">2026<\/div>\r\n\t\t\t\t\t\t\t\t\t\t\t\t\t\t\t<\/div>\r\n\t\t\t\t\t\t<\/div>\r\n\r\n\t\t\t\t\t\t<div class=\"event_list_entry event_title_img clearfix\" data-no-auto-translation=\"\">\r\n\t\t\t\t\t\t\t\t\t\t\t\t\t\t\t<div class=\"event_img\"> \r\n\t\t\t\t\t\t\t\t\t<img decoding=\"async\" src=\"https:\/\/www.nandoagueros.com\/wp-content\/uploads\/2026\/02\/be9671b0-b0c2-4fdd-81be-db4c9fb5bfa2-168x300.jpg\" alt=\"Lugo\">\r\n\t\t\t\t\t\t\t\t<\/div>\r\n\t\t\t\t\t\t\t\t\t\t\t\t\t\t<div class=\"evnt_list_title_loc\">\r\n\t\t\t\t\t\t\t\t<div class=\"event_list_title transition3_color\">Lugo<\/div>\r\n\t\t\t\t\t\t\t\t<div class=\"event_list_location transition3_color\">  <\/div>\r\n\t\t\t\t\t\t\t<\/div>\r\n\t\t\t\t\t\t<\/div>\r\n\r\n\t\t\t\t\t\t<div class=\"event_list_entry event_venue transition3_color\" data-no-auto-translation=\"\">\r\n\t\t\t\t\t\t\t<i class=\"fas fa-map-marker-alt\" aria-hidden=\"true\"><\/i>\r\n\t\t\t\t\t\t\tAuditorio municipal Fuxan os ventos\t\t\t\t\t\t<\/div>\r\n\r\n\r\n\t\t\t\t\t\t<div class=\"event_list_entry event_time transition3_color\" data-no-auto-translation=\"\">\r\n\t\t\t\t\t\t\t\t\t\t\t\t\t\t\t\t\t\t\t\t\t<i class=\"far fa-clock\" aria-hidden=\"true\"><\/i>\r\n\t\t\t\t\t\t\t20:00\t\t\t\t\t\t<\/div>\r\n\r\n\t\t\t\t\t\t<div class=\"event_list_entry event_buy\" data-no-auto-translation=\"\">\r\n\t\t\t\t\t\t\t\t\t\t\t\t\t\t\t<div class=\"event_buy_btn lc_js_link\" data-href=\"https:\/\/www.musikaze.net\/web\/?menu=1162&#038;pagina=entradas&#038;item=59864&#038;siteID=nandoagueros\" data-target=\"_self\">\r\n\t\t\t\t\t\t\t\t\tCOMPAR ENTRADAS\t\t\t\t\t\t\t\t<\/div>\r\n\t\t\t\t\t\t\t\t\t\t\t\t\t<\/div>\r\n\t\t\t\t\t\t\t\t\t<\/li>\r\n\r\n\t\t\t\r\n\t\t\t\t<li class=\"single_event_list transition3 clearfix\" data-evmonth=\"Sep\">\r\n\t\t\t\t\t\t\r\n\t\t\t\t\t\t<div class=\"event_list_entry event_date transition3_color\" data-no-auto-translation=\"\">\r\n\t\t\t\t\t\t\t<div class=\"text_center event_list_date_container\">\r\n\t\t\t\t\t\t\t\t<div class=\"eventlist_day classic_ev_date\">\r\n\t\t\t\t\t\t\t\t\t08\t\t\t\t\t\t\t\t<\/div>\r\n\t\t\t\t\t\t\t\t<div class=\"eventlist_month classic_ev_date\">Sep<\/div>\r\n\t\t\t\t\t\t\t\t\t\t\t\t\t\t\t\t\t<div class=\"eventlist_year\">2026<\/div>\r\n\t\t\t\t\t\t\t\t\t\t\t\t\t\t\t<\/div>\r\n\t\t\t\t\t\t<\/div>\r\n\r\n\t\t\t\t\t\t<div class=\"event_list_entry event_title_img clearfix\" data-no-auto-translation=\"\">\r\n\t\t\t\t\t\t\t\t\t\t\t\t\t\t\t<div class=\"event_img\"> \r\n\t\t\t\t\t\t\t\t\t<img decoding=\"async\" src=\"https:\/\/www.nandoagueros.com\/wp-content\/uploads\/2026\/03\/PHOTO-2026-03-23-14-11-25-240x300.jpg\" alt=\"Nueva de Llanes\">\r\n\t\t\t\t\t\t\t\t<\/div>\r\n\t\t\t\t\t\t\t\t\t\t\t\t\t\t<div class=\"evnt_list_title_loc\">\r\n\t\t\t\t\t\t\t\t<div class=\"event_list_title transition3_color\">Nueva de Llanes<\/div>\r\n\t\t\t\t\t\t\t\t<div class=\"event_list_location transition3_color\">  <\/div>\r\n\t\t\t\t\t\t\t<\/div>\r\n\t\t\t\t\t\t<\/div>\r\n\r\n\t\t\t\t\t\t<div class=\"event_list_entry event_venue transition3_color\" data-no-auto-translation=\"\">\r\n\t\t\t\t\t\t\t<i class=\"fas fa-map-marker-alt\" aria-hidden=\"true\"><\/i>\r\n\t\t\t\t\t\t\tFiestas de Nuestra Se\u00f1ora de la Blanca\t\t\t\t\t\t<\/div>\r\n\r\n\r\n\t\t\t\t\t\t<div class=\"event_list_entry event_time transition3_color\" data-no-auto-translation=\"\">\r\n\t\t\t\t\t\t\t\t\t\t\t\t\t\t\t\t\t\t\t\t\t<i class=\"far fa-clock\" aria-hidden=\"true\"><\/i>\r\n\t\t\t\t\t\t\t00:00\t\t\t\t\t\t<\/div>\r\n\r\n\t\t\t\t\t\t<div class=\"event_list_entry event_buy\" data-no-auto-translation=\"\">\r\n\t\t\t\t\t\t\t\t\t\t\t\t\t\t\t<div class=\"event_buy_btn lc_js_link\" data-href=\"https:\/\/www.nandoagueros.com\/en\/js_events\/nueva-de-llanes\/\" data-target=\"_self\">\r\n\t\t\t\t\t\t\t\t\tGratuito\t\t\t\t\t\t\t\t<\/div>\r\n\t\t\t\t\t\t\t\t\t\t\t\t\t<\/div>\r\n\t\t\t\t\t\t\t\t\t<\/li>\r\n\r\n\t\t\t\t\t<\/ul>\t\r\n\t\t\t\t\t<\/div>\n\t\t\t\t<\/div>\n\t\t\t\t\t<\/div>\n\t\t<\/div>\n\t\t\t\t\t<\/div>\n\t\t<\/section>\n\t\t\t\t<\/div>","protected":false},"excerpt":{"rendered":"<p>Pr\u00f3ximos conciertos 20 Sep 2025 Sahechores de Rueda Calle de la Era 23:00 Gratutito 21 Sep 2025 Sancibri\u00e1n Plaza Sancibri\u00e1n 20:00 Gratuito 19 Oct 2025 Oviedo Teatro Filarmonica 12:30 Comprar entradas 25 Oct 2025 Guardo Auditorio municipal de Guardo 20:00 COMPRAR ENTRADAS 06 Dic 2025 Ciudad de M\u00e9xico Asociaci\u00f3n Monta\u00f1esa de M\u00e9xico 20:00 Reservar entradas [&hellip;]<\/p>\n","protected":false},"author":1,"featured_media":0,"parent":0,"menu_order":2,"comment_status":"closed","ping_status":"closed","template":"","meta":{"footnotes":""},"class_list":["post-463","page","type-page","status-publish","hentry"],"acf":[],"yoast_head":"<!-- This site is optimized with the Yoast SEO plugin v27.4 - https:\/\/yoast.com\/product\/yoast-seo-wordpress\/ -->\n<title>Agenda \/ Entradas - Nando Ag\u00fceros<\/title>\n<meta name=\"description\" content=\"Compra entradas para los pr\u00f3ximos conciertos de Nando Ag\u00fceros. Consulta fechas, ciudades y lugares para disfrutar en vivo de su m\u00fasica.\" \/>\n<meta name=\"robots\" content=\"index, follow, max-snippet:-1, max-image-preview:large, max-video-preview:-1\" \/>\n<link rel=\"canonical\" href=\"https:\/\/www.nandoagueros.com\/en\/shows-tickets\/\" \/>\n<meta property=\"og:locale\" content=\"en_US\" \/>\n<meta property=\"og:type\" content=\"article\" \/>\n<meta property=\"og:title\" content=\"Agenda \/ Entradas - Nando Ag\u00fceros\" \/>\n<meta property=\"og:description\" content=\"Compra entradas para los pr\u00f3ximos conciertos de Nando Ag\u00fceros. Consulta fechas, ciudades y lugares para disfrutar en vivo de su m\u00fasica.\" \/>\n<meta property=\"og:url\" content=\"https:\/\/www.nandoagueros.com\/en\/shows-tickets\/\" \/>\n<meta property=\"og:site_name\" content=\"Nando Ag\u00fceros\" \/>\n<meta property=\"article:publisher\" content=\"https:\/\/www.facebook.com\/nandoagueros\/\" \/>\n<meta property=\"article:modified_time\" content=\"2025-09-15T11:50:17+00:00\" \/>\n<meta property=\"og:image\" content=\"https:\/\/www.nandoagueros.com\/wp-content\/uploads\/2025\/06\/5aa11909-c795-4cd9-887d-33649681de9e-212x300.jpeg\" \/>\n<meta name=\"twitter:card\" content=\"summary_large_image\" \/>\n<meta name=\"twitter:site\" content=\"@nandoagueros\" \/>\n<script type=\"application\/ld+json\" class=\"yoast-schema-graph\">{\"@context\":\"https:\\\/\\\/schema.org\",\"@graph\":[{\"@type\":\"WebPage\",\"@id\":\"https:\\\/\\\/www.nandoagueros.com\\\/agenda-entradas\\\/\",\"url\":\"https:\\\/\\\/www.nandoagueros.com\\\/agenda-entradas\\\/\",\"name\":\"Agenda \\\/ Entradas - Nando Ag\u00fceros\",\"isPartOf\":{\"@id\":\"https:\\\/\\\/www.nandoagueros.com\\\/#website\"},\"primaryImageOfPage\":{\"@id\":\"https:\\\/\\\/www.nandoagueros.com\\\/agenda-entradas\\\/#primaryimage\"},\"image\":{\"@id\":\"https:\\\/\\\/www.nandoagueros.com\\\/agenda-entradas\\\/#primaryimage\"},\"thumbnailUrl\":\"https:\\\/\\\/www.nandoagueros.com\\\/wp-content\\\/uploads\\\/2025\\\/06\\\/5aa11909-c795-4cd9-887d-33649681de9e-212x300.jpeg\",\"datePublished\":\"2024-07-09T07:47:22+00:00\",\"dateModified\":\"2025-09-15T11:50:17+00:00\",\"description\":\"Compra entradas para los pr\u00f3ximos conciertos de Nando Ag\u00fceros. Consulta fechas, ciudades y lugares para disfrutar en vivo de su m\u00fasica.\",\"breadcrumb\":{\"@id\":\"https:\\\/\\\/www.nandoagueros.com\\\/agenda-entradas\\\/#breadcrumb\"},\"inLanguage\":\"en-US\",\"potentialAction\":[{\"@type\":\"ReadAction\",\"target\":[\"https:\\\/\\\/www.nandoagueros.com\\\/agenda-entradas\\\/\"]}]},{\"@type\":\"ImageObject\",\"inLanguage\":\"en-US\",\"@id\":\"https:\\\/\\\/www.nandoagueros.com\\\/agenda-entradas\\\/#primaryimage\",\"url\":\"https:\\\/\\\/www.nandoagueros.com\\\/wp-content\\\/uploads\\\/2025\\\/06\\\/5aa11909-c795-4cd9-887d-33649681de9e-212x300.jpeg\",\"contentUrl\":\"https:\\\/\\\/www.nandoagueros.com\\\/wp-content\\\/uploads\\\/2025\\\/06\\\/5aa11909-c795-4cd9-887d-33649681de9e-212x300.jpeg\"},{\"@type\":\"BreadcrumbList\",\"@id\":\"https:\\\/\\\/www.nandoagueros.com\\\/agenda-entradas\\\/#breadcrumb\",\"itemListElement\":[{\"@type\":\"ListItem\",\"position\":1,\"name\":\"Home\",\"item\":\"https:\\\/\\\/www.nandoagueros.com\\\/\"},{\"@type\":\"ListItem\",\"position\":2,\"name\":\"Agenda \\\/ Entradas\"}]},{\"@type\":\"WebSite\",\"@id\":\"https:\\\/\\\/www.nandoagueros.com\\\/#website\",\"url\":\"https:\\\/\\\/www.nandoagueros.com\\\/\",\"name\":\"Nando Ag\u00fceros\",\"description\":\"Nando Ag\u00fceros\",\"publisher\":{\"@id\":\"https:\\\/\\\/www.nandoagueros.com\\\/#organization\"},\"potentialAction\":[{\"@type\":\"SearchAction\",\"target\":{\"@type\":\"EntryPoint\",\"urlTemplate\":\"https:\\\/\\\/www.nandoagueros.com\\\/?s={search_term_string}\"},\"query-input\":{\"@type\":\"PropertyValueSpecification\",\"valueRequired\":true,\"valueName\":\"search_term_string\"}}],\"inLanguage\":\"en-US\"},{\"@type\":\"Organization\",\"@id\":\"https:\\\/\\\/www.nandoagueros.com\\\/#organization\",\"name\":\"Nando Ag\u00fceros\",\"url\":\"https:\\\/\\\/www.nandoagueros.com\\\/\",\"logo\":{\"@type\":\"ImageObject\",\"inLanguage\":\"en-US\",\"@id\":\"https:\\\/\\\/www.nandoagueros.com\\\/#\\\/schema\\\/logo\\\/image\\\/\",\"url\":\"https:\\\/\\\/www.nandoagueros.com\\\/wp-content\\\/uploads\\\/2021\\\/01\\\/cropped-Firma2-scaled-1.jpg\",\"contentUrl\":\"https:\\\/\\\/www.nandoagueros.com\\\/wp-content\\\/uploads\\\/2021\\\/01\\\/cropped-Firma2-scaled-1.jpg\",\"width\":512,\"height\":512,\"caption\":\"Nando Ag\u00fceros\"},\"image\":{\"@id\":\"https:\\\/\\\/www.nandoagueros.com\\\/#\\\/schema\\\/logo\\\/image\\\/\"},\"sameAs\":[\"https:\\\/\\\/www.facebook.com\\\/nandoagueros\\\/\",\"https:\\\/\\\/x.com\\\/nandoagueros\",\"https:\\\/\\\/instagram.com\\\/nandoagueros\"]}]}<\/script>\n<!-- \/ Yoast SEO plugin. -->","yoast_head_json":{"title":"Shows \/ Tickets - Nando Ag\u00fceros","description":"Buy tickets for upcoming Nando Ag\u00fceros concerts. Check dates, cities and venues to enjoy their music live.","robots":{"index":"index","follow":"follow","max-snippet":"max-snippet:-1","max-image-preview":"max-image-preview:large","max-video-preview":"max-video-preview:-1"},"canonical":"https:\/\/www.nandoagueros.com\/en\/shows-tickets\/","og_locale":"en_US","og_type":"article","og_title":"Agenda \/ Entradas - Nando Ag\u00fceros","og_description":"Compra entradas para los pr\u00f3ximos conciertos de Nando Ag\u00fceros. Consulta fechas, ciudades y lugares para disfrutar en vivo de su m\u00fasica.","og_url":"https:\/\/www.nandoagueros.com\/en\/shows-tickets\/","og_site_name":"Nando Ag\u00fceros","article_publisher":"https:\/\/www.facebook.com\/nandoagueros\/","article_modified_time":"2025-09-15T11:50:17+00:00","og_image":[{"url":"https:\/\/www.nandoagueros.com\/wp-content\/uploads\/2025\/06\/5aa11909-c795-4cd9-887d-33649681de9e-212x300.jpeg","type":"","width":"","height":""}],"twitter_card":"summary_large_image","twitter_site":"@nandoagueros","schema":{"@context":"https:\/\/schema.org","@graph":[{"@type":"WebPage","@id":"https:\/\/www.nandoagueros.com\/agenda-entradas\/","url":"https:\/\/www.nandoagueros.com\/agenda-entradas\/","name":"Shows \/ Tickets - Nando Ag\u00fceros","isPartOf":{"@id":"https:\/\/www.nandoagueros.com\/#website"},"primaryImageOfPage":{"@id":"https:\/\/www.nandoagueros.com\/agenda-entradas\/#primaryimage"},"image":{"@id":"https:\/\/www.nandoagueros.com\/agenda-entradas\/#primaryimage"},"thumbnailUrl":"https:\/\/www.nandoagueros.com\/wp-content\/uploads\/2025\/06\/5aa11909-c795-4cd9-887d-33649681de9e-212x300.jpeg","datePublished":"2024-07-09T07:47:22+00:00","dateModified":"2025-09-15T11:50:17+00:00","description":"Buy tickets for upcoming Nando Ag\u00fceros concerts. Check dates, cities and venues to enjoy their music live.","breadcrumb":{"@id":"https:\/\/www.nandoagueros.com\/agenda-entradas\/#breadcrumb"},"inLanguage":"en-US","potentialAction":[{"@type":"ReadAction","target":["https:\/\/www.nandoagueros.com\/agenda-entradas\/"]}]},{"@type":"ImageObject","inLanguage":"en-US","@id":"https:\/\/www.nandoagueros.com\/agenda-entradas\/#primaryimage","url":"https:\/\/www.nandoagueros.com\/wp-content\/uploads\/2025\/06\/5aa11909-c795-4cd9-887d-33649681de9e-212x300.jpeg","contentUrl":"https:\/\/www.nandoagueros.com\/wp-content\/uploads\/2025\/06\/5aa11909-c795-4cd9-887d-33649681de9e-212x300.jpeg"},{"@type":"BreadcrumbList","@id":"https:\/\/www.nandoagueros.com\/agenda-entradas\/#breadcrumb","itemListElement":[{"@type":"ListItem","position":1,"name":"Home","item":"https:\/\/www.nandoagueros.com\/"},{"@type":"ListItem","position":2,"name":"Agenda \/ Entradas"}]},{"@type":"WebSite","@id":"https:\/\/www.nandoagueros.com\/#website","url":"https:\/\/www.nandoagueros.com\/","name":"Nando Ag\u00fceros","description":"Nando Ag\u00fceros","publisher":{"@id":"https:\/\/www.nandoagueros.com\/#organization"},"potentialAction":[{"@type":"SearchAction","target":{"@type":"EntryPoint","urlTemplate":"https:\/\/www.nandoagueros.com\/?s={search_term_string}"},"query-input":{"@type":"PropertyValueSpecification","valueRequired":true,"valueName":"search_term_string"}}],"inLanguage":"en-US"},{"@type":"Organization","@id":"https:\/\/www.nandoagueros.com\/#organization","name":"Nando Ag\u00fceros","url":"https:\/\/www.nandoagueros.com\/","logo":{"@type":"ImageObject","inLanguage":"en-US","@id":"https:\/\/www.nandoagueros.com\/#\/schema\/logo\/image\/","url":"https:\/\/www.nandoagueros.com\/wp-content\/uploads\/2021\/01\/cropped-Firma2-scaled-1.jpg","contentUrl":"https:\/\/www.nandoagueros.com\/wp-content\/uploads\/2021\/01\/cropped-Firma2-scaled-1.jpg","width":512,"height":512,"caption":"Nando Ag\u00fceros"},"image":{"@id":"https:\/\/www.nandoagueros.com\/#\/schema\/logo\/image\/"},"sameAs":["https:\/\/www.facebook.com\/nandoagueros\/","https:\/\/x.com\/nandoagueros","https:\/\/instagram.com\/nandoagueros"]}]}},"_links":{"self":[{"href":"https:\/\/www.nandoagueros.com\/en\/wp-json\/wp\/v2\/pages\/463","targetHints":{"allow":["GET"]}}],"collection":[{"href":"https:\/\/www.nandoagueros.com\/en\/wp-json\/wp\/v2\/pages"}],"about":[{"href":"https:\/\/www.nandoagueros.com\/en\/wp-json\/wp\/v2\/types\/page"}],"author":[{"embeddable":true,"href":"https:\/\/www.nandoagueros.com\/en\/wp-json\/wp\/v2\/users\/1"}],"replies":[{"embeddable":true,"href":"https:\/\/www.nandoagueros.com\/en\/wp-json\/wp\/v2\/comments?post=463"}],"version-history":[{"count":113,"href":"https:\/\/www.nandoagueros.com\/en\/wp-json\/wp\/v2\/pages\/463\/revisions"}],"predecessor-version":[{"id":14711,"href":"https:\/\/www.nandoagueros.com\/en\/wp-json\/wp\/v2\/pages\/463\/revisions\/14711"}],"wp:attachment":[{"href":"https:\/\/www.nandoagueros.com\/en\/wp-json\/wp\/v2\/media?parent=463"}],"curies":[{"name":"wp","href":"https:\/\/api.w.org\/{rel}","templated":true}]}}