{"id":475,"date":"2024-07-09T09:52:20","date_gmt":"2024-07-09T07:52:20","guid":{"rendered":"https:\/\/www.nandoagueros.com\/?page_id=475"},"modified":"2025-01-09T19:31:46","modified_gmt":"2025-01-09T18:31:46","slug":"contact","status":"publish","type":"page","link":"https:\/\/www.nandoagueros.com\/en\/contacto\/","title":{"rendered":"Contact"},"content":{"rendered":"<div data-elementor-type=\"wp-page\" data-elementor-id=\"475\" class=\"elementor elementor-475\" data-elementor-post-type=\"page\">\n\t\t\t\t\t\t<section class=\"elementor-section elementor-top-section elementor-element elementor-element-10967ef4 elementor-section-height-min-height elementor-section-items-stretch elementor-section-boxed elementor-section-height-default\" data-id=\"10967ef4\" data-element_type=\"section\" data-e-type=\"section\" data-settings=\"{&quot;background_background&quot;:&quot;classic&quot;}\">\n\t\t\t\t\t\t\t<div class=\"elementor-background-overlay\"><\/div>\n\t\t\t\t\t\t\t<div class=\"elementor-container elementor-column-gap-wider\">\n\t\t\t\t\t<div class=\"elementor-column elementor-col-100 elementor-top-column elementor-element elementor-element-743e3085\" data-id=\"743e3085\" data-element_type=\"column\" data-e-type=\"column\">\n\t\t\t<div class=\"elementor-widget-wrap elementor-element-populated\">\n\t\t\t\t\t\t<section class=\"elementor-section elementor-inner-section elementor-element elementor-element-23322432 elementor-section-boxed elementor-section-height-default elementor-section-height-default\" data-id=\"23322432\" data-element_type=\"section\" data-e-type=\"section\">\n\t\t\t\t\t\t<div class=\"elementor-container elementor-column-gap-no\">\n\t\t\t\t\t<div class=\"elementor-column elementor-col-100 elementor-inner-column elementor-element elementor-element-2d6c8f65\" data-id=\"2d6c8f65\" data-element_type=\"column\" data-e-type=\"column\">\n\t\t\t<div class=\"elementor-widget-wrap elementor-element-populated\">\n\t\t\t\t\t\t<div class=\"elementor-element elementor-element-5aa5825e elementor-invisible elementor-widget elementor-widget-heading\" data-id=\"5aa5825e\" data-element_type=\"widget\" data-e-type=\"widget\" data-settings=\"{&quot;_animation&quot;:&quot;fadeInLeft&quot;,&quot;_animation_delay&quot;:600}\" data-widget_type=\"heading.default\">\n\t\t\t\t<div class=\"elementor-widget-container\">\n\t\t\t\t\t<h1 class=\"elementor-heading-title elementor-size-default\">Contact<\/h1>\t\t\t\t<\/div>\n\t\t\t\t<\/div>\n\t\t\t\t\t<\/div>\n\t\t<\/div>\n\t\t\t\t\t<\/div>\n\t\t<\/section>\n\t\t\t\t\t<\/div>\n\t\t<\/div>\n\t\t\t\t\t<\/div>\n\t\t<\/section>\n\t\t\t\t<section class=\"elementor-section elementor-top-section elementor-element elementor-element-2e44aaf4 elementor-section-boxed elementor-section-height-default elementor-section-height-default\" data-id=\"2e44aaf4\" data-element_type=\"section\" data-e-type=\"section\" data-settings=\"{&quot;background_background&quot;:&quot;classic&quot;}\">\n\t\t\t\t\t\t\t<div class=\"elementor-background-overlay\"><\/div>\n\t\t\t\t\t\t\t<div class=\"elementor-container elementor-column-gap-default\">\n\t\t\t\t\t<div class=\"elementor-column elementor-col-100 elementor-top-column elementor-element elementor-element-3fcc4b22\" data-id=\"3fcc4b22\" data-element_type=\"column\" data-e-type=\"column\">\n\t\t\t<div class=\"elementor-widget-wrap elementor-element-populated\">\n\t\t\t\t\t\t<div class=\"elementor-element elementor-element-650ae38d elementor-widget elementor-widget-spacer\" data-id=\"650ae38d\" data-element_type=\"widget\" data-e-type=\"widget\" data-widget_type=\"spacer.default\">\n\t\t\t\t<div class=\"elementor-widget-container\">\n\t\t\t\t\t\t\t<div class=\"elementor-spacer\">\n\t\t\t<div class=\"elementor-spacer-inner\"><\/div>\n\t\t<\/div>\n\t\t\t\t\t\t<\/div>\n\t\t\t\t<\/div>\n\t\t\t\t<section class=\"elementor-section elementor-inner-section elementor-element elementor-element-3d874dcb elementor-section-boxed elementor-section-height-default elementor-section-height-default\" data-id=\"3d874dcb\" data-element_type=\"section\" data-e-type=\"section\">\n\t\t\t\t\t\t<div class=\"elementor-container elementor-column-gap-default\">\n\t\t\t\t\t<div class=\"elementor-column elementor-col-50 elementor-inner-column elementor-element elementor-element-2c00fa30\" data-id=\"2c00fa30\" data-element_type=\"column\" data-e-type=\"column\">\n\t\t\t<div class=\"elementor-widget-wrap elementor-element-populated\">\n\t\t\t\t\t\t<div class=\"elementor-element elementor-element-5aad4e85 elementor-widget elementor-widget-spacer\" data-id=\"5aad4e85\" data-element_type=\"widget\" data-e-type=\"widget\" data-widget_type=\"spacer.default\">\n\t\t\t\t<div class=\"elementor-widget-container\">\n\t\t\t\t\t\t\t<div class=\"elementor-spacer\">\n\t\t\t<div class=\"elementor-spacer-inner\"><\/div>\n\t\t<\/div>\n\t\t\t\t\t\t<\/div>\n\t\t\t\t<\/div>\n\t\t\t\t<div class=\"elementor-element elementor-element-24228d45 elementor-widget elementor-widget-heading\" data-id=\"24228d45\" data-element_type=\"widget\" data-e-type=\"widget\" data-widget_type=\"heading.default\">\n\t\t\t\t<div class=\"elementor-widget-container\">\n\t\t\t\t\t<h2 class=\"elementor-heading-title elementor-size-default\">Send a message<\/h2>\t\t\t\t<\/div>\n\t\t\t\t<\/div>\n\t\t\t\t<div class=\"elementor-element elementor-element-1ae50675 uael-cf7-btn-size-md uael-cf7-style-box uael-cf7-input-size-sm uael-cf7-button-left uael-cf7-highlight-style-default elementor-widget elementor-widget-uael-cf7-styler\" data-id=\"1ae50675\" data-element_type=\"widget\" data-e-type=\"widget\" data-widget_type=\"uael-cf7-styler.default\">\n\t\t\t\t<div class=\"elementor-widget-container\">\n\t\t\t\t\t\t\t\t\t<div class = \"uael-cf7-container\">\n\t\t\t\t\t\t<div class = \"uael-cf7 uael-cf7-style elementor-clickable\">\n\t\t\t\t\t\t\n<div class=\"wpcf7 no-js\" id=\"wpcf7-f5-o1\" lang=\"es-ES\" dir=\"ltr\" data-wpcf7-id=\"5\">\n<div class=\"screen-reader-response\"><p role=\"status\" aria-live=\"polite\" aria-atomic=\"true\"><\/p> <ul><\/ul><\/div>\n<form action=\"\/en\/wp-json\/wp\/v2\/pages\/475#wpcf7-f5-o1\" method=\"post\" class=\"wpcf7-form init\" aria-label=\"Contact form\" novalidate=\"novalidate\" data-status=\"init\" data-trp-original-action=\"\/en\/wp-json\/wp\/v2\/pages\/475#wpcf7-f5-o1\">\n<fieldset class=\"hidden-fields-container\"><input type=\"hidden\" name=\"_wpcf7\" value=\"5\" \/><input type=\"hidden\" name=\"_wpcf7_version\" value=\"6.1.5\" \/><input type=\"hidden\" name=\"_wpcf7_locale\" value=\"es_ES\" \/><input type=\"hidden\" name=\"_wpcf7_unit_tag\" value=\"wpcf7-f5-o1\" \/><input type=\"hidden\" name=\"_wpcf7_container_post\" value=\"0\" \/><input type=\"hidden\" name=\"_wpcf7_posted_data_hash\" value=\"\" \/>\n<\/fieldset>\n<p><label for=\"your-name\">Your name<\/label>\n<\/p>\n<p><span class=\"wpcf7-form-control-wrap\" data-name=\"your-name\"><input size=\"40\" maxlength=\"400\" class=\"wpcf7-form-control wpcf7-text wpcf7-validates-as-required\" id=\"your-name\" aria-required=\"true\" aria-invalid=\"false\" value=\"\" type=\"text\" name=\"your-name\" \/><\/span>\n<\/p>\n<p><label for=\"your-email\">Your email<\/label>\n<\/p>\n<p><span class=\"wpcf7-form-control-wrap\" data-name=\"your-email\"><input size=\"40\" maxlength=\"400\" class=\"wpcf7-form-control wpcf7-email wpcf7-validates-as-required wpcf7-text wpcf7-validates-as-email\" id=\"your-email\" aria-required=\"true\" aria-invalid=\"false\" value=\"\" type=\"email\" name=\"your-email\" \/><\/span>\n<\/p>\n<p><label for=\"your-subject\">Affair<\/label>\n<\/p>\n<p><span class=\"wpcf7-form-control-wrap\" data-name=\"your-subject\"><input size=\"40\" maxlength=\"400\" class=\"wpcf7-form-control wpcf7-text wpcf7-validates-as-required\" id=\"your-subject\" aria-required=\"true\" aria-invalid=\"false\" value=\"\" type=\"text\" name=\"your-subject\" \/><\/span>\n<\/p>\n<p><span id=\"email-campo-w\" class=\"wpcf7-form-control-wrap email-campo-wrap\" style=\"display:none !important; visibility:hidden !important;\"><label for=\"email-campo\" class=\"hp-message\">Please leave this field empty.<\/label><input id=\"email-campo\"  class=\"wpcf7-form-control wpcf7-text email-campo\" type=\"text\" name=\"email-campo\" value=\"\" size=\"40\" tabindex=\"-1\" autocomplete=\"new-password\" \/><\/span><span id=\"website-campo-w\" class=\"wpcf7-form-control-wrap website-campo-wrap\" style=\"display:none !important; visibility:hidden !important;\"><label for=\"website-campo\" class=\"hp-message\">Please leave this field empty.<\/label><input id=\"website-campo\"  class=\"wpcf7-form-control wpcf7-text website-campo\" type=\"text\" name=\"website-campo\" value=\"\" size=\"40\" tabindex=\"-1\" autocomplete=\"new-password\" \/><\/span>\n<\/p>\n<p><label for=\"your-message\">Your message<\/label>\n<\/p>\n<p><span class=\"wpcf7-form-control-wrap\" data-name=\"your-message\"><textarea cols=\"40\" rows=\"10\" maxlength=\"2000\" class=\"wpcf7-form-control wpcf7-textarea wpcf7-validates-as-required\" id=\"your-message\" aria-required=\"true\" aria-invalid=\"false\" name=\"your-message\"><\/textarea><\/span>\n<\/p>\n<p><span class=\"wpcf7-form-control-wrap\" data-name=\"acceptance-RGPD\"><span class=\"wpcf7-form-control wpcf7-acceptance\"><span class=\"wpcf7-list-item\"><label><input type=\"checkbox\" name=\"acceptance-RGPD\" value=\"1\" aria-invalid=\"false\" \/><span class=\"wpcf7-list-item-label\">I have read and accept the <a href=\"..\/politica-de-privacidad\/\">Privacy Policy<\/a><\/span><\/label><\/span><\/span><\/span>\n<\/p>\n<p><input class=\"wpcf7-form-control wpcf7-submit has-spinner\" type=\"submit\" value=\"Send\" \/>\n<\/p>\n<div class=\"wpcf7-response-output\" aria-hidden=\"true\"><\/div>\n<input type=\"hidden\" name=\"trp-form-language\" value=\"en\"\/><\/form>\n<\/div>\n\t\t\t\t\t<\/div>\n\t\t\t\t<\/div>\n\t\t\t\t\t\t\t\t<\/div>\n\t\t\t\t<\/div>\n\t\t\t\t\t<\/div>\n\t\t<\/div>\n\t\t\t\t<div class=\"elementor-column elementor-col-50 elementor-inner-column elementor-element elementor-element-536ce7cb\" data-id=\"536ce7cb\" data-element_type=\"column\" data-e-type=\"column\" data-settings=\"{&quot;background_background&quot;:&quot;classic&quot;}\">\n\t\t\t<div class=\"elementor-widget-wrap elementor-element-populated\">\n\t\t\t\t\t\t<div class=\"elementor-element elementor-element-5934a25c elementor-widget elementor-widget-heading\" data-id=\"5934a25c\" data-element_type=\"widget\" data-e-type=\"widget\" data-widget_type=\"heading.default\">\n\t\t\t\t<div class=\"elementor-widget-container\">\n\t\t\t\t\t<h3 class=\"elementor-heading-title elementor-size-default\">Hiring and management<\/h3>\t\t\t\t<\/div>\n\t\t\t\t<\/div>\n\t\t\t\t<div class=\"elementor-element elementor-element-70d75fc4 elementor-view-stacked elementor-position-inline-start elementor-shape-circle elementor-mobile-position-block-start elementor-widget elementor-widget-icon-box\" data-id=\"70d75fc4\" data-element_type=\"widget\" data-e-type=\"widget\" data-widget_type=\"icon-box.default\">\n\t\t\t\t<div class=\"elementor-widget-container\">\n\t\t\t\t\t\t\t<div class=\"elementor-icon-box-wrapper\">\n\n\t\t\t\t\t\t<div class=\"elementor-icon-box-icon\">\n\t\t\t\t<span  class=\"elementor-icon\">\n\t\t\t\t<i aria-hidden=\"true\" class=\"fas fa-phone\"><\/i>\t\t\t\t<\/span>\n\t\t\t<\/div>\n\t\t\t\n\t\t\t\t\t\t<div class=\"elementor-icon-box-content\">\n\n\t\t\t\t\t\t\t\t\t<h4 class=\"elementor-icon-box-title\">\n\t\t\t\t\t\t<span  >\n\t\t\t\t\t\t\tPhone\t\t\t\t\t\t<\/span>\n\t\t\t\t\t<\/h4>\n\t\t\t\t\n\t\t\t\t\t\t\t\t\t<p class=\"elementor-icon-box-description\">\n\t\t\t\t\t\t985 114 473\t\t\t\t\t<\/p>\n\t\t\t\t\n\t\t\t<\/div>\n\t\t\t\n\t\t<\/div>\n\t\t\t\t\t\t<\/div>\n\t\t\t\t<\/div>\n\t\t\t\t<div class=\"elementor-element elementor-element-74398f65 elementor-view-stacked elementor-position-inline-start elementor-shape-circle elementor-mobile-position-block-start elementor-widget elementor-widget-icon-box\" data-id=\"74398f65\" data-element_type=\"widget\" data-e-type=\"widget\" data-widget_type=\"icon-box.default\">\n\t\t\t\t<div class=\"elementor-widget-container\">\n\t\t\t\t\t\t\t<div class=\"elementor-icon-box-wrapper\">\n\n\t\t\t\t\t\t<div class=\"elementor-icon-box-icon\">\n\t\t\t\t<span  class=\"elementor-icon\">\n\t\t\t\t<i aria-hidden=\"true\" class=\"fas fa-envelope\"><\/i>\t\t\t\t<\/span>\n\t\t\t<\/div>\n\t\t\t\n\t\t\t\t\t\t<div class=\"elementor-icon-box-content\">\n\n\t\t\t\t\t\t\t\t\t<h4 class=\"elementor-icon-box-title\">\n\t\t\t\t\t\t<span  >\n\t\t\t\t\t\t\tE-mail\t\t\t\t\t\t<\/span>\n\t\t\t\t\t<\/h4>\n\t\t\t\t\n\t\t\t\t\t\t\t\t\t<p class=\"elementor-icon-box-description\">\n\t\t\t\t\t\tenrique.santogrial@gmail.com\t\t\t\t\t<\/p>\n\t\t\t\t\n\t\t\t<\/div>\n\t\t\t\n\t\t<\/div>\n\t\t\t\t\t\t<\/div>\n\t\t\t\t<\/div>\n\t\t\t\t<div class=\"elementor-element elementor-element-5cc96cb elementor-widget elementor-widget-image\" data-id=\"5cc96cb\" data-element_type=\"widget\" data-e-type=\"widget\" data-widget_type=\"image.default\">\n\t\t\t\t<div class=\"elementor-widget-container\">\n\t\t\t\t\t\t\t\t\t\t\t\t\t\t\t<img fetchpriority=\"high\" decoding=\"async\" width=\"306\" height=\"181\" src=\"https:\/\/www.nandoagueros.com\/wp-content\/uploads\/2019\/01\/SantoGrial.png\" class=\"attachment-large size-large wp-image-5717\" alt=\"Holy Grail\" srcset=\"https:\/\/www.nandoagueros.com\/wp-content\/uploads\/2019\/01\/SantoGrial.png 306w, https:\/\/www.nandoagueros.com\/wp-content\/uploads\/2019\/01\/SantoGrial-300x177.png 300w, https:\/\/www.nandoagueros.com\/wp-content\/uploads\/2019\/01\/SantoGrial-18x12.png 18w, https:\/\/www.nandoagueros.com\/wp-content\/uploads\/2019\/01\/SantoGrial-230x136.png 230w\" sizes=\"(max-width: 306px) 100vw, 306px\" \/>\t\t\t\t\t\t\t\t\t\t\t\t\t\t\t<\/div>\n\t\t\t\t<\/div>\n\t\t\t\t\t<\/div>\n\t\t<\/div>\n\t\t\t\t\t<\/div>\n\t\t<\/section>\n\t\t\t\t<div class=\"elementor-element elementor-element-758726ae elementor-widget elementor-widget-spacer\" data-id=\"758726ae\" data-element_type=\"widget\" data-e-type=\"widget\" data-widget_type=\"spacer.default\">\n\t\t\t\t<div class=\"elementor-widget-container\">\n\t\t\t\t\t\t\t<div class=\"elementor-spacer\">\n\t\t\t<div class=\"elementor-spacer-inner\"><\/div>\n\t\t<\/div>\n\t\t\t\t\t\t<\/div>\n\t\t\t\t<\/div>\n\t\t\t\t\t<\/div>\n\t\t<\/div>\n\t\t\t\t\t<\/div>\n\t\t<\/section>\n\t\t\t\t<\/div>","protected":false},"excerpt":{"rendered":"<p>Contact Send a message Your name Your email Subject Please leave this field empty. Please leave this field empty. Your message I have read and accept the privacy policy Hiring and management Phone Email<\/p>","protected":false},"author":1,"featured_media":0,"parent":0,"menu_order":7,"comment_status":"closed","ping_status":"closed","template":"","meta":{"footnotes":""},"class_list":["post-475","page","type-page","status-publish","hentry"],"acf":[],"yoast_head":"<!-- This site is optimized with the Yoast SEO plugin v27.4 - https:\/\/yoast.com\/product\/yoast-seo-wordpress\/ -->\n<title>Contacto - Nando Ag\u00fceros<\/title>\n<meta name=\"description\" content=\"Contacta con Nando Ag\u00fceros para consultas, contrataciones y m\u00e1s informaci\u00f3n. Con\u00e9ctate con el equipo del cantante espa\u00f1ol.\" \/>\n<meta name=\"robots\" content=\"index, follow, max-snippet:-1, max-image-preview:large, max-video-preview:-1\" \/>\n<link rel=\"canonical\" href=\"https:\/\/www.nandoagueros.com\/en\/contact\/\" \/>\n<meta property=\"og:locale\" content=\"en_US\" \/>\n<meta property=\"og:type\" content=\"article\" \/>\n<meta property=\"og:title\" content=\"Contacto - Nando Ag\u00fceros\" \/>\n<meta property=\"og:description\" content=\"Contacta con Nando Ag\u00fceros para consultas, contrataciones y m\u00e1s informaci\u00f3n. Con\u00e9ctate con el equipo del cantante espa\u00f1ol.\" \/>\n<meta property=\"og:url\" content=\"https:\/\/www.nandoagueros.com\/en\/contact\/\" \/>\n<meta property=\"og:site_name\" content=\"Nando Ag\u00fceros\" \/>\n<meta property=\"article:publisher\" content=\"https:\/\/www.facebook.com\/nandoagueros\/\" \/>\n<meta property=\"article:modified_time\" content=\"2025-01-09T18:31:46+00:00\" \/>\n<meta property=\"og:image\" content=\"https:\/\/www.nandoagueros.com\/wp-content\/uploads\/2019\/01\/SantoGrial.png\" \/>\n\t<meta property=\"og:image:width\" content=\"306\" \/>\n\t<meta property=\"og:image:height\" content=\"181\" \/>\n\t<meta property=\"og:image:type\" content=\"image\/png\" \/>\n<meta name=\"twitter:card\" content=\"summary_large_image\" \/>\n<meta name=\"twitter:site\" content=\"@nandoagueros\" \/>\n<script type=\"application\/ld+json\" class=\"yoast-schema-graph\">{\"@context\":\"https:\\\/\\\/schema.org\",\"@graph\":[{\"@type\":\"WebPage\",\"@id\":\"https:\\\/\\\/www.nandoagueros.com\\\/contacto\\\/\",\"url\":\"https:\\\/\\\/www.nandoagueros.com\\\/contacto\\\/\",\"name\":\"Contacto - Nando Ag\u00fceros\",\"isPartOf\":{\"@id\":\"https:\\\/\\\/www.nandoagueros.com\\\/#website\"},\"primaryImageOfPage\":{\"@id\":\"https:\\\/\\\/www.nandoagueros.com\\\/contacto\\\/#primaryimage\"},\"image\":{\"@id\":\"https:\\\/\\\/www.nandoagueros.com\\\/contacto\\\/#primaryimage\"},\"thumbnailUrl\":\"https:\\\/\\\/www.nandoagueros.com\\\/wp-content\\\/uploads\\\/2019\\\/01\\\/SantoGrial.png\",\"datePublished\":\"2024-07-09T07:52:20+00:00\",\"dateModified\":\"2025-01-09T18:31:46+00:00\",\"description\":\"Contacta con Nando Ag\u00fceros para consultas, contrataciones y m\u00e1s informaci\u00f3n. Con\u00e9ctate con el equipo del cantante espa\u00f1ol.\",\"breadcrumb\":{\"@id\":\"https:\\\/\\\/www.nandoagueros.com\\\/contacto\\\/#breadcrumb\"},\"inLanguage\":\"en-US\",\"potentialAction\":[{\"@type\":\"ReadAction\",\"target\":[\"https:\\\/\\\/www.nandoagueros.com\\\/contacto\\\/\"]}]},{\"@type\":\"ImageObject\",\"inLanguage\":\"en-US\",\"@id\":\"https:\\\/\\\/www.nandoagueros.com\\\/contacto\\\/#primaryimage\",\"url\":\"https:\\\/\\\/www.nandoagueros.com\\\/wp-content\\\/uploads\\\/2019\\\/01\\\/SantoGrial.png\",\"contentUrl\":\"https:\\\/\\\/www.nandoagueros.com\\\/wp-content\\\/uploads\\\/2019\\\/01\\\/SantoGrial.png\"},{\"@type\":\"BreadcrumbList\",\"@id\":\"https:\\\/\\\/www.nandoagueros.com\\\/contacto\\\/#breadcrumb\",\"itemListElement\":[{\"@type\":\"ListItem\",\"position\":1,\"name\":\"Home\",\"item\":\"https:\\\/\\\/www.nandoagueros.com\\\/\"},{\"@type\":\"ListItem\",\"position\":2,\"name\":\"Contacto\"}]},{\"@type\":\"WebSite\",\"@id\":\"https:\\\/\\\/www.nandoagueros.com\\\/#website\",\"url\":\"https:\\\/\\\/www.nandoagueros.com\\\/\",\"name\":\"Nando Ag\u00fceros\",\"description\":\"Nando Ag\u00fceros\",\"publisher\":{\"@id\":\"https:\\\/\\\/www.nandoagueros.com\\\/#organization\"},\"potentialAction\":[{\"@type\":\"SearchAction\",\"target\":{\"@type\":\"EntryPoint\",\"urlTemplate\":\"https:\\\/\\\/www.nandoagueros.com\\\/?s={search_term_string}\"},\"query-input\":{\"@type\":\"PropertyValueSpecification\",\"valueRequired\":true,\"valueName\":\"search_term_string\"}}],\"inLanguage\":\"en-US\"},{\"@type\":\"Organization\",\"@id\":\"https:\\\/\\\/www.nandoagueros.com\\\/#organization\",\"name\":\"Nando Ag\u00fceros\",\"url\":\"https:\\\/\\\/www.nandoagueros.com\\\/\",\"logo\":{\"@type\":\"ImageObject\",\"inLanguage\":\"en-US\",\"@id\":\"https:\\\/\\\/www.nandoagueros.com\\\/#\\\/schema\\\/logo\\\/image\\\/\",\"url\":\"https:\\\/\\\/www.nandoagueros.com\\\/wp-content\\\/uploads\\\/2021\\\/01\\\/cropped-Firma2-scaled-1.jpg\",\"contentUrl\":\"https:\\\/\\\/www.nandoagueros.com\\\/wp-content\\\/uploads\\\/2021\\\/01\\\/cropped-Firma2-scaled-1.jpg\",\"width\":512,\"height\":512,\"caption\":\"Nando Ag\u00fceros\"},\"image\":{\"@id\":\"https:\\\/\\\/www.nandoagueros.com\\\/#\\\/schema\\\/logo\\\/image\\\/\"},\"sameAs\":[\"https:\\\/\\\/www.facebook.com\\\/nandoagueros\\\/\",\"https:\\\/\\\/x.com\\\/nandoagueros\",\"https:\\\/\\\/instagram.com\\\/nandoagueros\"]}]}<\/script>\n<!-- \/ Yoast SEO plugin. -->","yoast_head_json":{"title":"Contact - Nando Ag\u00fceros","description":"Contact Nando Ag\u00fceros for inquiries, bookings and more information. Connect with the Spanish singer&#039;s team.","robots":{"index":"index","follow":"follow","max-snippet":"max-snippet:-1","max-image-preview":"max-image-preview:large","max-video-preview":"max-video-preview:-1"},"canonical":"https:\/\/www.nandoagueros.com\/en\/contact\/","og_locale":"en_US","og_type":"article","og_title":"Contacto - Nando Ag\u00fceros","og_description":"Contacta con Nando Ag\u00fceros para consultas, contrataciones y m\u00e1s informaci\u00f3n. Con\u00e9ctate con el equipo del cantante espa\u00f1ol.","og_url":"https:\/\/www.nandoagueros.com\/en\/contact\/","og_site_name":"Nando Ag\u00fceros","article_publisher":"https:\/\/www.facebook.com\/nandoagueros\/","article_modified_time":"2025-01-09T18:31:46+00:00","og_image":[{"width":306,"height":181,"url":"https:\/\/www.nandoagueros.com\/wp-content\/uploads\/2019\/01\/SantoGrial.png","type":"image\/png"}],"twitter_card":"summary_large_image","twitter_site":"@nandoagueros","schema":{"@context":"https:\/\/schema.org","@graph":[{"@type":"WebPage","@id":"https:\/\/www.nandoagueros.com\/contacto\/","url":"https:\/\/www.nandoagueros.com\/contacto\/","name":"Contact - Nando Ag\u00fceros","isPartOf":{"@id":"https:\/\/www.nandoagueros.com\/#website"},"primaryImageOfPage":{"@id":"https:\/\/www.nandoagueros.com\/contacto\/#primaryimage"},"image":{"@id":"https:\/\/www.nandoagueros.com\/contacto\/#primaryimage"},"thumbnailUrl":"https:\/\/www.nandoagueros.com\/wp-content\/uploads\/2019\/01\/SantoGrial.png","datePublished":"2024-07-09T07:52:20+00:00","dateModified":"2025-01-09T18:31:46+00:00","description":"Contact Nando Ag\u00fceros for inquiries, bookings and more information. Connect with the Spanish singer&#039;s team.","breadcrumb":{"@id":"https:\/\/www.nandoagueros.com\/contacto\/#breadcrumb"},"inLanguage":"en-US","potentialAction":[{"@type":"ReadAction","target":["https:\/\/www.nandoagueros.com\/contacto\/"]}]},{"@type":"ImageObject","inLanguage":"en-US","@id":"https:\/\/www.nandoagueros.com\/contacto\/#primaryimage","url":"https:\/\/www.nandoagueros.com\/wp-content\/uploads\/2019\/01\/SantoGrial.png","contentUrl":"https:\/\/www.nandoagueros.com\/wp-content\/uploads\/2019\/01\/SantoGrial.png"},{"@type":"BreadcrumbList","@id":"https:\/\/www.nandoagueros.com\/contacto\/#breadcrumb","itemListElement":[{"@type":"ListItem","position":1,"name":"Home","item":"https:\/\/www.nandoagueros.com\/"},{"@type":"ListItem","position":2,"name":"Contacto"}]},{"@type":"WebSite","@id":"https:\/\/www.nandoagueros.com\/#website","url":"https:\/\/www.nandoagueros.com\/","name":"Nando Ag\u00fceros","description":"Nando Ag\u00fceros","publisher":{"@id":"https:\/\/www.nandoagueros.com\/#organization"},"potentialAction":[{"@type":"SearchAction","target":{"@type":"EntryPoint","urlTemplate":"https:\/\/www.nandoagueros.com\/?s={search_term_string}"},"query-input":{"@type":"PropertyValueSpecification","valueRequired":true,"valueName":"search_term_string"}}],"inLanguage":"en-US"},{"@type":"Organization","@id":"https:\/\/www.nandoagueros.com\/#organization","name":"Nando Ag\u00fceros","url":"https:\/\/www.nandoagueros.com\/","logo":{"@type":"ImageObject","inLanguage":"en-US","@id":"https:\/\/www.nandoagueros.com\/#\/schema\/logo\/image\/","url":"https:\/\/www.nandoagueros.com\/wp-content\/uploads\/2021\/01\/cropped-Firma2-scaled-1.jpg","contentUrl":"https:\/\/www.nandoagueros.com\/wp-content\/uploads\/2021\/01\/cropped-Firma2-scaled-1.jpg","width":512,"height":512,"caption":"Nando Ag\u00fceros"},"image":{"@id":"https:\/\/www.nandoagueros.com\/#\/schema\/logo\/image\/"},"sameAs":["https:\/\/www.facebook.com\/nandoagueros\/","https:\/\/x.com\/nandoagueros","https:\/\/instagram.com\/nandoagueros"]}]}},"_links":{"self":[{"href":"https:\/\/www.nandoagueros.com\/en\/wp-json\/wp\/v2\/pages\/475","targetHints":{"allow":["GET"]}}],"collection":[{"href":"https:\/\/www.nandoagueros.com\/en\/wp-json\/wp\/v2\/pages"}],"about":[{"href":"https:\/\/www.nandoagueros.com\/en\/wp-json\/wp\/v2\/types\/page"}],"author":[{"embeddable":true,"href":"https:\/\/www.nandoagueros.com\/en\/wp-json\/wp\/v2\/users\/1"}],"replies":[{"embeddable":true,"href":"https:\/\/www.nandoagueros.com\/en\/wp-json\/wp\/v2\/comments?post=475"}],"version-history":[{"count":80,"href":"https:\/\/www.nandoagueros.com\/en\/wp-json\/wp\/v2\/pages\/475\/revisions"}],"predecessor-version":[{"id":13909,"href":"https:\/\/www.nandoagueros.com\/en\/wp-json\/wp\/v2\/pages\/475\/revisions\/13909"}],"wp:attachment":[{"href":"https:\/\/www.nandoagueros.com\/en\/wp-json\/wp\/v2\/media?parent=475"}],"curies":[{"name":"wp","href":"https:\/\/api.w.org\/{rel}","templated":true}]}}